{"id":2721,"date":"2025-08-31T18:22:52","date_gmt":"2025-08-31T16:22:52","guid":{"rendered":"https:\/\/www.rassismus-toetet-leipzig.org\/?page_id=2721"},"modified":"2025-12-16T18:18:42","modified_gmt":"2025-12-16T16:18:42","slug":"demo-25-10-25","status":"publish","type":"page","link":"https:\/\/www.rassismus-toetet-leipzig.org\/index.php\/demo-25-10-25\/","title":{"rendered":"Demo 12.01.26"},"content":{"rendered":"<h3><strong>Demonstration am 12.01.2026 um 19 Uhr in Leipzig.<\/strong><\/h3>\n<p><strong>Startpunkt<\/strong>: Wolfgang-Heinze-Stra\u00dfe in Leipzig-Connewitz.<\/p>\n<p><strong>Aufruf zur Demonstration: <\/strong><a href=\"https:\/\/www.rassismus-toetet-leipzig.org\/index.php\/der-letzten-reihe-auf-der-spur-10-jahre-nach-dem-neonaziueberfall-in-connewitz\/\">Der letzten Reihe auf der Spur \u2013 10 Jahre nach dem Neonazi\u00fcberfall in Connewitz<\/a><\/p>\n<hr \/>\n<p><strong>Social-Media:\u00a0\u00a0 <a href=\"https:\/\/www.rassismus-toetet-leipzig.org\/wp-content\/uploads\/2025\/12\/Insta4-scaled.jpg\"><img loading=\"lazy\" decoding=\"async\" class=\"alignnone size-thumbnail wp-image-2799\" src=\"https:\/\/www.rassismus-toetet-leipzig.org\/wp-content\/uploads\/2025\/12\/Insta4-150x150.jpg\" alt=\"\" width=\"150\" height=\"150\" srcset=\"https:\/\/www.rassismus-toetet-leipzig.org\/wp-content\/uploads\/2025\/12\/Insta4-150x150.jpg 150w, https:\/\/www.rassismus-toetet-leipzig.org\/wp-content\/uploads\/2025\/12\/Insta4-300x300.jpg 300w, https:\/\/www.rassismus-toetet-leipzig.org\/wp-content\/uploads\/2025\/12\/Insta4-1024x1024.jpg 1024w, https:\/\/www.rassismus-toetet-leipzig.org\/wp-content\/uploads\/2025\/12\/Insta4-768x768.jpg 768w, https:\/\/www.rassismus-toetet-leipzig.org\/wp-content\/uploads\/2025\/12\/Insta4-1536x1536.jpg 1536w, https:\/\/www.rassismus-toetet-leipzig.org\/wp-content\/uploads\/2025\/12\/Insta4-2048x2048.jpg 2048w\" sizes=\"auto, (max-width: 150px) 100vw, 150px\" \/><\/a><\/strong><\/p>\n<p><strong>Plakat: <a href=\"https:\/\/www.rassismus-toetet-leipzig.org\/wp-content\/uploads\/2025\/12\/plakat2.png\"><img loading=\"lazy\" decoding=\"async\" class=\"alignnone size-thumbnail wp-image-2787\" src=\"https:\/\/www.rassismus-toetet-leipzig.org\/wp-content\/uploads\/2025\/12\/plakat2-150x150.png\" alt=\"\" width=\"150\" height=\"150\" \/><\/a><\/strong><\/p>\n<hr \/>\n<p><strong>Demo-Einmaleins<br \/>\n<\/strong><\/p>\n<ul>\n<li>Sexistisches Gehabe und Macker-Verhalten haben auf der Demo nichts zu suchen. Wenn ihr so etwas beobachtet und\/oder euch bel\u00e4stigt f\u00fchlt, helfen euch die Ordner*innen oder eure Bezugsgruppe.<\/li>\n<li>Mit R\u00fccksicht auf die in Sachsen leider \u00fcbliche \u00dcberwachung raten wir euch, \u00fcberfl\u00fcssige Mobiltelefone daheim zu lassen oder auszuschalten, solange ihr sie nicht dringend ben\u00f6tigt.<\/li>\n<li>Die Demo wird von den Veranstalter*innen dokumentiert, ihr k\u00f6nnt eure Kameras also zuhause lassen. Innerhalb der Demo wird nicht gefilmt und fotografiert, denn solche Aufnahmen dienen ausschlie\u00dflich den Ermittlungsbeh\u00f6rden. Falls ihr euch von euren Kameras nicht trennen k\u00f6nnt, dann dokumentiert einfach die Polizeiarbeit.<\/li>\n<li>Provokateure (wie z.B. <a href=\"https:\/\/chronikle.org\/dossiers\/auf-der-strasse-und-im-parlament-der-rechte-medienaktivist-weichreitetv\">rechte Streamer<\/a>) und Beamte, egal ob in Uniform oder zivil, haben in der Demo nichts zu suchen. Bitte bleibt immer besonnen und achtet darauf, was direkt neben euch geschieht.<\/li>\n<li>Mit Fahrr\u00e4dern bitte am Ende der Demo laufen, damit niemand dar\u00fcber stolpert.<\/li>\n<li>Kein Alkohol oder andere Drogen, laut Auflagen auch keine Glasflaschen, Hunde und (Passiv-) Bewaffnung.<\/li>\n<li>Nicht willkommen auf der Demo sind national und territorial Fahnen und dergleichen Symbole jedweder coleur, sowie Fahnen von Parteien und anderen politischen Organisationen. Es sollte nicht um die jeweilige (pol.) Identit\u00e4t gehen, sondern den Anlass. Wir wollen nicht als politische Plattform von Gruppen und deren Themen instrumentalisiert werden. Die antifaschistische Aktion sollte uns als Ausdruck gen\u00fcgen.<\/li>\n<\/ul>\n<p>Nicht vergessen: Bei Problemen aller Art helfen euch die Ordner*innen.<\/p>\n<hr \/>\n<div>\n<p><strong>Hinweise f\u00fcr und vom Ermittlungsausschuss Leipzig<\/strong><\/p>\n<ul>\n<li>Verhalten bei Demos, Tipps f\u00fcr den Anruf beim EA, Gewahrsamnahmen, Kessel, Spontandemos, Demo anmelden, Aufl\u00f6sung der Demo, Taschenmesser, Protektoren, Vermummung usw., Personalienfeststellung verweigern?! -&gt; <a title=\"Rund um die Demo\" href=\"https:\/\/antirepression.noblogs.org\/rund-um-die-demo\/\">Rund um die Demo<\/a><\/li>\n<\/ul>\n<p>&nbsp;<\/p>\n<\/div>\n","protected":false},"excerpt":{"rendered":"<p>Demonstration am 12.01.2026 um 19 Uhr in Leipzig. Startpunkt: Wolfgang-Heinze-Stra\u00dfe in Leipzig-Connewitz. Aufruf zur Demonstration: Der letzten Reihe auf der Spur \u2013 10 Jahre nach dem Neonazi\u00fcberfall in Connewitz Social-Media:\u00a0\u00a0 Plakat: Demo-Einmaleins Sexistisches Gehabe und Macker-Verhalten haben auf der Demo nichts zu suchen. Wenn ihr so etwas beobachtet und\/oder euch bel\u00e4stigt f\u00fchlt, helfen euch die [&hellip;]<\/p>\n","protected":false},"author":2,"featured_media":0,"parent":0,"menu_order":0,"comment_status":"closed","ping_status":"closed","template":"","meta":{"footnotes":""},"class_list":["post-2721","page","type-page","status-publish","hentry"],"_links":{"self":[{"href":"https:\/\/www.rassismus-toetet-leipzig.org\/index.php\/wp-json\/wp\/v2\/pages\/2721","targetHints":{"allow":["GET"]}}],"collection":[{"href":"https:\/\/www.rassismus-toetet-leipzig.org\/index.php\/wp-json\/wp\/v2\/pages"}],"about":[{"href":"https:\/\/www.rassismus-toetet-leipzig.org\/index.php\/wp-json\/wp\/v2\/types\/page"}],"author":[{"embeddable":true,"href":"https:\/\/www.rassismus-toetet-leipzig.org\/index.php\/wp-json\/wp\/v2\/users\/2"}],"replies":[{"embeddable":true,"href":"https:\/\/www.rassismus-toetet-leipzig.org\/index.php\/wp-json\/wp\/v2\/comments?post=2721"}],"version-history":[{"count":21,"href":"https:\/\/www.rassismus-toetet-leipzig.org\/index.php\/wp-json\/wp\/v2\/pages\/2721\/revisions"}],"predecessor-version":[{"id":2800,"href":"https:\/\/www.rassismus-toetet-leipzig.org\/index.php\/wp-json\/wp\/v2\/pages\/2721\/revisions\/2800"}],"wp:attachment":[{"href":"https:\/\/www.rassismus-toetet-leipzig.org\/index.php\/wp-json\/wp\/v2\/media?parent=2721"}],"curies":[{"name":"wp","href":"https:\/\/api.w.org\/{rel}","templated":true}]}}